{"id":57,"date":"2024-08-14T10:24:56","date_gmt":"2024-08-14T08:24:56","guid":{"rendered":"https:\/\/dj-ironny.fr\/?page_id=57"},"modified":"2024-08-14T10:24:56","modified_gmt":"2024-08-14T08:24:56","slug":"qui-suis-je","status":"publish","type":"page","link":"https:\/\/dj-ironny.fr\/?page_id=57","title":{"rendered":"Qui suis-je ?"},"content":{"rendered":"\n<p>Bienvenue ! Vous \u00eates \u00e0 la recherche du DJ parfait pour faire de votre \u00e9v\u00e9nement un moment inoubliable ? Que ce soit pour un mariage, un anniversaire, une soir\u00e9e priv\u00e9e, une inauguration ou toute autre occasion sp\u00e9ciale, je suis DJ Ironny, un DJ professionnel avec plus de 10 ans d&rsquo;exp\u00e9rience, dont 4 ans en tant que pro. Mon expertise couvre un large \u00e9ventail de styles musicaux, et j&rsquo;ai eu le plaisir de faire danser des publics vari\u00e9s dans les lieux les plus embl\u00e9matiques du Grand Ouest : Republic Corner, Chez Jean Michel, White Babel, Warehouse, Cartel, Room Club, La Grand&rsquo; Goule&#8230;<\/p>\n\n\n\n<p>Peu importe l&rsquo;\u00e9v\u00e9nement \u2014 mariage, soir\u00e9e d&rsquo;entreprise, bo\u00eete de nuit, concert, bar ou restaurant \u2014 je cr\u00e9e l&rsquo;ambiance dont vous r\u00eavez. Avec plusieurs rendez-vous personnalis\u00e9s, nous pr\u00e9parerons ensemble chaque d\u00e9tail de votre \u00e9v\u00e9nement pour qu&rsquo;il vous ressemble parfaitement. Mon objectif : faire danser vos invit\u00e9s et installer l&rsquo;ambiance sonore id\u00e9ale pour chaque instant.<\/p>\n\n\n\n<p>En plus de mon expertise musicale, je vous offre des tarifs pr\u00e9f\u00e9rentiels sur la location de mat\u00e9riel de sonorisation et d&rsquo;\u00e9clairage gr\u00e2ce \u00e0 mes partenaires locaux.<\/p>\n\n\n\n<p>Votre projet m\u00e9rite le meilleur, et je suis impatient de le r\u00e9aliser avec vous. Laissez-moi transformer votre \u00e9v\u00e9nement en une soir\u00e9e m\u00e9morable !<\/p>\n\n\n\n<p>Musicalement,<br>Ronan, DJ Ironny.<\/p>\n","protected":false},"excerpt":{"rendered":"<p>Bienvenue ! Vous \u00eates \u00e0 la recherche du DJ parfait pour faire de votre \u00e9v\u00e9nement un moment inoubliable ? Que ce soit pour un mariage, un anniversaire, une soir\u00e9e priv\u00e9e, une inauguration ou toute autre occasion sp\u00e9ciale, je suis DJ Ironny, un DJ professionnel avec plus de 10 ans d&rsquo;exp\u00e9rience, dont 4 ans en tant [&hellip;]<\/p>\n","protected":false},"author":2,"featured_media":27,"parent":0,"menu_order":0,"comment_status":"closed","ping_status":"closed","template":"","meta":{"footnotes":""},"class_list":["post-57","page","type-page","status-publish","has-post-thumbnail","hentry"],"yoast_head":"<!-- This site is optimized with the Yoast SEO plugin v25.6 - https:\/\/yoast.com\/wordpress\/plugins\/seo\/ -->\n<title>Qui suis-je ? - DJ Poitiers<\/title>\n<meta name=\"robots\" content=\"index, follow, max-snippet:-1, max-image-preview:large, max-video-preview:-1\" \/>\n<link rel=\"canonical\" href=\"https:\/\/dj-ironny.fr\/?page_id=57\" \/>\n<meta property=\"og:locale\" content=\"fr_FR\" \/>\n<meta property=\"og:type\" content=\"article\" \/>\n<meta property=\"og:title\" content=\"Qui suis-je ? - DJ Poitiers\" \/>\n<meta property=\"og:description\" content=\"Bienvenue ! Vous \u00eates \u00e0 la recherche du DJ parfait pour faire de votre \u00e9v\u00e9nement un moment inoubliable ? Que ce soit pour un mariage, un anniversaire, une soir\u00e9e priv\u00e9e, une inauguration ou toute autre occasion sp\u00e9ciale, je suis DJ Ironny, un DJ professionnel avec plus de 10 ans d&rsquo;exp\u00e9rience, dont 4 ans en tant [&hellip;]\" \/>\n<meta property=\"og:url\" content=\"https:\/\/dj-ironny.fr\/?page_id=57\" \/>\n<meta property=\"og:site_name\" content=\"DJ Poitiers\" \/>\n<meta name=\"twitter:card\" content=\"summary_large_image\" \/>\n<meta name=\"twitter:label1\" content=\"Dur\u00e9e de lecture estim\u00e9e\" \/>\n\t<meta name=\"twitter:data1\" content=\"1 minute\" \/>\n<script type=\"application\/ld+json\" class=\"yoast-schema-graph\">{\"@context\":\"https:\/\/schema.org\",\"@graph\":[{\"@type\":\"WebPage\",\"@id\":\"https:\/\/dj-ironny.fr\/?page_id=57\",\"url\":\"https:\/\/dj-ironny.fr\/?page_id=57\",\"name\":\"Qui suis-je ? - DJ Poitiers\",\"isPartOf\":{\"@id\":\"https:\/\/dj-ironny.fr\/#website\"},\"primaryImageOfPage\":{\"@id\":\"https:\/\/dj-ironny.fr\/?page_id=57#primaryimage\"},\"image\":{\"@id\":\"https:\/\/dj-ironny.fr\/?page_id=57#primaryimage\"},\"thumbnailUrl\":\"https:\/\/dj-ironny.fr\/wp-content\/uploads\/2024\/08\/RS_GALA_2-copie.webp\",\"datePublished\":\"2024-08-14T08:24:56+00:00\",\"breadcrumb\":{\"@id\":\"https:\/\/dj-ironny.fr\/?page_id=57#breadcrumb\"},\"inLanguage\":\"fr-FR\",\"potentialAction\":[{\"@type\":\"ReadAction\",\"target\":[\"https:\/\/dj-ironny.fr\/?page_id=57\"]}]},{\"@type\":\"ImageObject\",\"inLanguage\":\"fr-FR\",\"@id\":\"https:\/\/dj-ironny.fr\/?page_id=57#primaryimage\",\"url\":\"https:\/\/dj-ironny.fr\/wp-content\/uploads\/2024\/08\/RS_GALA_2-copie.webp\",\"contentUrl\":\"https:\/\/dj-ironny.fr\/wp-content\/uploads\/2024\/08\/RS_GALA_2-copie.webp\",\"width\":1200,\"height\":1500},{\"@type\":\"BreadcrumbList\",\"@id\":\"https:\/\/dj-ironny.fr\/?page_id=57#breadcrumb\",\"itemListElement\":[{\"@type\":\"ListItem\",\"position\":1,\"name\":\"Accueil\",\"item\":\"https:\/\/dj-ironny.fr\/\"},{\"@type\":\"ListItem\",\"position\":2,\"name\":\"Qui suis-je ?\"}]},{\"@type\":\"WebSite\",\"@id\":\"https:\/\/dj-ironny.fr\/#website\",\"url\":\"https:\/\/dj-ironny.fr\/\",\"name\":\"DJ Poitiers\",\"description\":\"Avec DJ Ironny, l&#039;ambiance dont vous r\u00eaviez.\",\"publisher\":{\"@id\":\"https:\/\/dj-ironny.fr\/#organization\"},\"potentialAction\":[{\"@type\":\"SearchAction\",\"target\":{\"@type\":\"EntryPoint\",\"urlTemplate\":\"https:\/\/dj-ironny.fr\/?s={search_term_string}\"},\"query-input\":{\"@type\":\"PropertyValueSpecification\",\"valueRequired\":true,\"valueName\":\"search_term_string\"}}],\"inLanguage\":\"fr-FR\"},{\"@type\":\"Organization\",\"@id\":\"https:\/\/dj-ironny.fr\/#organization\",\"name\":\"DJ Poitiers\",\"url\":\"https:\/\/dj-ironny.fr\/\",\"logo\":{\"@type\":\"ImageObject\",\"inLanguage\":\"fr-FR\",\"@id\":\"https:\/\/dj-ironny.fr\/#\/schema\/logo\/image\/\",\"url\":\"https:\/\/dj-ironny.fr\/wp-content\/uploads\/2024\/08\/LOGO-DJ-IRONNY-PNG.webp\",\"contentUrl\":\"https:\/\/dj-ironny.fr\/wp-content\/uploads\/2024\/08\/LOGO-DJ-IRONNY-PNG.webp\",\"width\":2515,\"height\":402,\"caption\":\"DJ Poitiers\"},\"image\":{\"@id\":\"https:\/\/dj-ironny.fr\/#\/schema\/logo\/image\/\"}}]}<\/script>\n<!-- \/ Yoast SEO plugin. -->","yoast_head_json":{"title":"Qui suis-je ? - DJ Poitiers","robots":{"index":"index","follow":"follow","max-snippet":"max-snippet:-1","max-image-preview":"max-image-preview:large","max-video-preview":"max-video-preview:-1"},"canonical":"https:\/\/dj-ironny.fr\/?page_id=57","og_locale":"fr_FR","og_type":"article","og_title":"Qui suis-je ? - DJ Poitiers","og_description":"Bienvenue ! Vous \u00eates \u00e0 la recherche du DJ parfait pour faire de votre \u00e9v\u00e9nement un moment inoubliable ? Que ce soit pour un mariage, un anniversaire, une soir\u00e9e priv\u00e9e, une inauguration ou toute autre occasion sp\u00e9ciale, je suis DJ Ironny, un DJ professionnel avec plus de 10 ans d&rsquo;exp\u00e9rience, dont 4 ans en tant [&hellip;]","og_url":"https:\/\/dj-ironny.fr\/?page_id=57","og_site_name":"DJ Poitiers","twitter_card":"summary_large_image","twitter_misc":{"Dur\u00e9e de lecture estim\u00e9e":"1 minute"},"schema":{"@context":"https:\/\/schema.org","@graph":[{"@type":"WebPage","@id":"https:\/\/dj-ironny.fr\/?page_id=57","url":"https:\/\/dj-ironny.fr\/?page_id=57","name":"Qui suis-je ? - DJ Poitiers","isPartOf":{"@id":"https:\/\/dj-ironny.fr\/#website"},"primaryImageOfPage":{"@id":"https:\/\/dj-ironny.fr\/?page_id=57#primaryimage"},"image":{"@id":"https:\/\/dj-ironny.fr\/?page_id=57#primaryimage"},"thumbnailUrl":"https:\/\/dj-ironny.fr\/wp-content\/uploads\/2024\/08\/RS_GALA_2-copie.webp","datePublished":"2024-08-14T08:24:56+00:00","breadcrumb":{"@id":"https:\/\/dj-ironny.fr\/?page_id=57#breadcrumb"},"inLanguage":"fr-FR","potentialAction":[{"@type":"ReadAction","target":["https:\/\/dj-ironny.fr\/?page_id=57"]}]},{"@type":"ImageObject","inLanguage":"fr-FR","@id":"https:\/\/dj-ironny.fr\/?page_id=57#primaryimage","url":"https:\/\/dj-ironny.fr\/wp-content\/uploads\/2024\/08\/RS_GALA_2-copie.webp","contentUrl":"https:\/\/dj-ironny.fr\/wp-content\/uploads\/2024\/08\/RS_GALA_2-copie.webp","width":1200,"height":1500},{"@type":"BreadcrumbList","@id":"https:\/\/dj-ironny.fr\/?page_id=57#breadcrumb","itemListElement":[{"@type":"ListItem","position":1,"name":"Accueil","item":"https:\/\/dj-ironny.fr\/"},{"@type":"ListItem","position":2,"name":"Qui suis-je ?"}]},{"@type":"WebSite","@id":"https:\/\/dj-ironny.fr\/#website","url":"https:\/\/dj-ironny.fr\/","name":"DJ Poitiers","description":"Avec DJ Ironny, l&#039;ambiance dont vous r\u00eaviez.","publisher":{"@id":"https:\/\/dj-ironny.fr\/#organization"},"potentialAction":[{"@type":"SearchAction","target":{"@type":"EntryPoint","urlTemplate":"https:\/\/dj-ironny.fr\/?s={search_term_string}"},"query-input":{"@type":"PropertyValueSpecification","valueRequired":true,"valueName":"search_term_string"}}],"inLanguage":"fr-FR"},{"@type":"Organization","@id":"https:\/\/dj-ironny.fr\/#organization","name":"DJ Poitiers","url":"https:\/\/dj-ironny.fr\/","logo":{"@type":"ImageObject","inLanguage":"fr-FR","@id":"https:\/\/dj-ironny.fr\/#\/schema\/logo\/image\/","url":"https:\/\/dj-ironny.fr\/wp-content\/uploads\/2024\/08\/LOGO-DJ-IRONNY-PNG.webp","contentUrl":"https:\/\/dj-ironny.fr\/wp-content\/uploads\/2024\/08\/LOGO-DJ-IRONNY-PNG.webp","width":2515,"height":402,"caption":"DJ Poitiers"},"image":{"@id":"https:\/\/dj-ironny.fr\/#\/schema\/logo\/image\/"}}]}},"_links":{"self":[{"href":"https:\/\/dj-ironny.fr\/index.php?rest_route=\/wp\/v2\/pages\/57","targetHints":{"allow":["GET"]}}],"collection":[{"href":"https:\/\/dj-ironny.fr\/index.php?rest_route=\/wp\/v2\/pages"}],"about":[{"href":"https:\/\/dj-ironny.fr\/index.php?rest_route=\/wp\/v2\/types\/page"}],"author":[{"embeddable":true,"href":"https:\/\/dj-ironny.fr\/index.php?rest_route=\/wp\/v2\/users\/2"}],"replies":[{"embeddable":true,"href":"https:\/\/dj-ironny.fr\/index.php?rest_route=%2Fwp%2Fv2%2Fcomments&post=57"}],"version-history":[{"count":1,"href":"https:\/\/dj-ironny.fr\/index.php?rest_route=\/wp\/v2\/pages\/57\/revisions"}],"predecessor-version":[{"id":58,"href":"https:\/\/dj-ironny.fr\/index.php?rest_route=\/wp\/v2\/pages\/57\/revisions\/58"}],"wp:featuredmedia":[{"embeddable":true,"href":"https:\/\/dj-ironny.fr\/index.php?rest_route=\/wp\/v2\/media\/27"}],"wp:attachment":[{"href":"https:\/\/dj-ironny.fr\/index.php?rest_route=%2Fwp%2Fv2%2Fmedia&parent=57"}],"curies":[{"name":"wp","href":"https:\/\/api.w.org\/{rel}","templated":true}]}}